{"id":8408,"date":"2017-04-24T16:50:09","date_gmt":"2017-04-24T16:50:09","guid":{"rendered":"https:\/\/www.un.org\/unispal\/?page_id=8408"},"modified":"2024-01-26T11:30:09","modified_gmt":"2024-01-26T16:30:09","slug":"index","status":"publish","type":"page","link":"https:\/\/www.un.org\/unispal\/es\/","title":{"rendered":"Portada"},"content":{"rendered":"<p><div class=\"fusion-fullwidth fullwidth-box fusion-builder-row-1 hundred-percent-fullwidth non-hundred-percent-height-scrolling\" style=\"--awb-border-radius-top-left:0px;--awb-border-radius-top-right:0px;--awb-border-radius-bottom-right:0px;--awb-border-radius-bottom-left:0px;--awb-overflow:visible;--awb-flex-wrap:wrap;\" ><div class=\"fusion-builder-row fusion-row\"><div class=\"fusion-layout-column fusion_builder_column fusion-builder-column-0 fusion_builder_column_1_1 1_1 fusion-one-full fusion-column-first fusion-column-last\" style=\"--awb-bg-size:cover;\"><div class=\"fusion-column-wrapper fusion-flex-column-wrapper-legacy\"><div class=\"fusion-widget-area awb-widget-area-element fusion-widget-area-1 fusion-content-widget-area\" style=\"--awb-title-size:13px;--awb-title-color:#333333;--awb-padding:0px 0px 0px 0px;\"><div id=\"layerslider_widget-2\" class=\"widget layerslider_widget\"><script type=\"text\/javascript\">jQuery(function() { _initLayerSlider( '#layerslider_8_sx451rs6vzlx', {sliderVersion: '7.11.1', responsiveUnder: 0, layersContainer: 0, allowFullscreen: true, slideBGSize: 'auto', slideDuration: 12000, hideUnder: 0, hideOver: 100000, pauseOnHover: 1, twoWaySlideshow: true, skin: 'v5', sliderFadeInDuration: 350, hoverPrevNext: false, navStartStop: false, showCircleTimer: false, thumbnailNavigation: 'disabled', tnContainerWidth: '80%', useSrcset: true, skinsPath: 'https:\/\/www.un.org\/unispal\/es\/wp-content\/plugins\/LayerSlider\/assets\/static\/layerslider\/skins\/', performanceMode: true}); });<\/script><div id=\"layerslider_8_sx451rs6vzlx\" data-ls-slug=\"374th-committee-meeting\" class=\"ls-wp-container fitvidsignore ls-selectable\" style=\"width:1534px;height:768px;margin:0 auto;margin-bottom: 0px; white-space: normal !important;\"><div class=\"ls-slide\" ><a style=\"\" class=\"ls-l\" href=\"https:\/\/www.un.org\/unispal\/2024-solidarity-day\/\" target=\"_self\"><img decoding=\"async\" width=\"1280\" height=\"720\" src=\"https:\/\/www.un.org\/unispal\/es\/wp-content\/uploads\/sites\/25\/2024\/11\/2024-solidarity-day-backdrop-Spanish.png\" class=\"ls-img-layer\" alt=\"\" srcset=\"https:\/\/www.un.org\/unispal\/es\/wp-content\/uploads\/sites\/25\/2024\/11\/2024-solidarity-day-backdrop-Spanish-200x113.png 200w, https:\/\/www.un.org\/unispal\/es\/wp-content\/uploads\/sites\/25\/2024\/11\/2024-solidarity-day-backdrop-Spanish-300x169.png 300w, https:\/\/www.un.org\/unispal\/es\/wp-content\/uploads\/sites\/25\/2024\/11\/2024-solidarity-day-backdrop-Spanish-400x225.png 400w, https:\/\/www.un.org\/unispal\/es\/wp-content\/uploads\/sites\/25\/2024\/11\/2024-solidarity-day-backdrop-Spanish-600x338.png 600w, https:\/\/www.un.org\/unispal\/es\/wp-content\/uploads\/sites\/25\/2024\/11\/2024-solidarity-day-backdrop-Spanish-768x432.png 768w, https:\/\/www.un.org\/unispal\/es\/wp-content\/uploads\/sites\/25\/2024\/11\/2024-solidarity-day-backdrop-Spanish-800x450.png 800w, https:\/\/www.un.org\/unispal\/es\/wp-content\/uploads\/sites\/25\/2024\/11\/2024-solidarity-day-backdrop-Spanish-1024x576.png 1024w, https:\/\/www.un.org\/unispal\/es\/wp-content\/uploads\/sites\/25\/2024\/11\/2024-solidarity-day-backdrop-Spanish-1200x675.png 1200w, https:\/\/www.un.org\/unispal\/es\/wp-content\/uploads\/sites\/25\/2024\/11\/2024-solidarity-day-backdrop-Spanish.png 1280w\" sizes=\"(max-width: 1280px) 100vw, 1280px\" style=\"top:1px;left:85px;width:1364px;height:767px;\"><\/a><\/div><div class=\"ls-slide\" ><a style=\"\" class=\"ls-l\" href=\"https:\/\/www.un.org\/unispal\/document\/guerra-de-2023-contra-gaza-la-responsabilidad-de-prevenir-el-genocidio\/\" target=\"_self\"><img decoding=\"async\" width=\"1301\" height=\"734\" src=\"https:\/\/www.un.org\/unispal\/es\/wp-content\/uploads\/sites\/25\/2024\/01\/Spanish-backdrop.jpg\" class=\"ls-img-layer\" alt=\"\" srcset=\"https:\/\/www.un.org\/unispal\/es\/wp-content\/uploads\/sites\/25\/2024\/01\/Spanish-backdrop-200x113.jpg 200w, https:\/\/www.un.org\/unispal\/es\/wp-content\/uploads\/sites\/25\/2024\/01\/Spanish-backdrop-300x169.jpg 300w, https:\/\/www.un.org\/unispal\/es\/wp-content\/uploads\/sites\/25\/2024\/01\/Spanish-backdrop-400x226.jpg 400w, https:\/\/www.un.org\/unispal\/es\/wp-content\/uploads\/sites\/25\/2024\/01\/Spanish-backdrop-600x339.jpg 600w, https:\/\/www.un.org\/unispal\/es\/wp-content\/uploads\/sites\/25\/2024\/01\/Spanish-backdrop-768x433.jpg 768w, https:\/\/www.un.org\/unispal\/es\/wp-content\/uploads\/sites\/25\/2024\/01\/Spanish-backdrop-800x451.jpg 800w, https:\/\/www.un.org\/unispal\/es\/wp-content\/uploads\/sites\/25\/2024\/01\/Spanish-backdrop-1024x578.jpg 1024w, https:\/\/www.un.org\/unispal\/es\/wp-content\/uploads\/sites\/25\/2024\/01\/Spanish-backdrop-1200x677.jpg 1200w, https:\/\/www.un.org\/unispal\/es\/wp-content\/uploads\/sites\/25\/2024\/01\/Spanish-backdrop.jpg 1301w\" sizes=\"(max-width: 1301px) 100vw, 1301px\" style=\"top:0px;left:100px;width:1337px;height:768px;\"><\/a><\/div><div class=\"ls-slide\" ><a style=\"\" class=\"ls-l\" href=\"https:\/\/www.un.org\/es\/situation-in-occupied-palestine-and-israel\" target=\"_blank\"><img decoding=\"async\" width=\"1280\" height=\"720\" src=\"https:\/\/www.un.org\/unispal\/es\/wp-content\/uploads\/sites\/25\/2023\/10\/MicrosoftTeams-image-36.png\" class=\"ls-img-layer\" alt=\"\" srcset=\"https:\/\/www.un.org\/unispal\/es\/wp-content\/uploads\/sites\/25\/2023\/10\/MicrosoftTeams-image-36-200x113.png 200w, https:\/\/www.un.org\/unispal\/es\/wp-content\/uploads\/sites\/25\/2023\/10\/MicrosoftTeams-image-36-300x169.png 300w, https:\/\/www.un.org\/unispal\/es\/wp-content\/uploads\/sites\/25\/2023\/10\/MicrosoftTeams-image-36-400x225.png 400w, https:\/\/www.un.org\/unispal\/es\/wp-content\/uploads\/sites\/25\/2023\/10\/MicrosoftTeams-image-36-600x338.png 600w, https:\/\/www.un.org\/unispal\/es\/wp-content\/uploads\/sites\/25\/2023\/10\/MicrosoftTeams-image-36-768x432.png 768w, https:\/\/www.un.org\/unispal\/es\/wp-content\/uploads\/sites\/25\/2023\/10\/MicrosoftTeams-image-36-800x450.png 800w, https:\/\/www.un.org\/unispal\/es\/wp-content\/uploads\/sites\/25\/2023\/10\/MicrosoftTeams-image-36-1024x576.png 1024w, https:\/\/www.un.org\/unispal\/es\/wp-content\/uploads\/sites\/25\/2023\/10\/MicrosoftTeams-image-36-1200x675.png 1200w, https:\/\/www.un.org\/unispal\/es\/wp-content\/uploads\/sites\/25\/2023\/10\/MicrosoftTeams-image-36.png 1280w\" sizes=\"(max-width: 1280px) 100vw, 1280px\" style=\"overflow:visible;top:0px;left:127px;width:1280px;height:720px;line-height:falsepx;\"><\/a><\/div><\/div><\/div><div class=\"fusion-additional-widget-content\"><\/div><\/div><div class=\"fusion-clearfix\"><\/div><\/div><\/div><\/div><\/div><div class=\"fusion-fullwidth fullwidth-box fusion-builder-row-2 nonhundred-percent-fullwidth non-hundred-percent-height-scrolling\" style=\"--awb-background-position:left top;--awb-border-sizes-top:0px;--awb-border-sizes-bottom:0px;--awb-border-sizes-left:0px;--awb-border-sizes-right:0px;--awb-border-radius-top-left:0px;--awb-border-radius-top-right:0px;--awb-border-radius-bottom-right:0px;--awb-border-radius-bottom-left:0px;--awb-padding-top:20px;--awb-padding-bottom:20px;--awb-flex-wrap:wrap;\" id=\"home\" ><div class=\"fusion-builder-row fusion-row\"><div class=\"fusion-layout-column fusion_builder_column fusion-builder-column-1 fusion_builder_column_1_1 1_1 fusion-one-full fusion-column-first fusion-column-last fusion-column-no-min-height\" style=\"--awb-bg-size:cover;--awb-margin-bottom:0px;\"><div class=\"fusion-column-wrapper fusion-flex-column-wrapper-legacy\"><div class=\"fusion-text fusion-text-1\"><p><a href=\"https:\/\/www.un.org\/unispal\/es\/data-collection\/\"><img decoding=\"async\" class=\"aligncenter wp-image-11223 size-fusion-800\" src=\"https:\/\/www.un.org\/unispal\/es\/wp-content\/uploads\/sites\/25\/2022\/08\/unispal-search-spanish-800x131.jpg\" alt=\"\" width=\"800\" height=\"131\" srcset=\"https:\/\/www.un.org\/unispal\/es\/wp-content\/uploads\/sites\/25\/2022\/08\/unispal-search-spanish-200x33.jpg 200w, https:\/\/www.un.org\/unispal\/es\/wp-content\/uploads\/sites\/25\/2022\/08\/unispal-search-spanish-300x49.jpg 300w, https:\/\/www.un.org\/unispal\/es\/wp-content\/uploads\/sites\/25\/2022\/08\/unispal-search-spanish-400x65.jpg 400w, https:\/\/www.un.org\/unispal\/es\/wp-content\/uploads\/sites\/25\/2022\/08\/unispal-search-spanish-600x98.jpg 600w, https:\/\/www.un.org\/unispal\/es\/wp-content\/uploads\/sites\/25\/2022\/08\/unispal-search-spanish-768x126.jpg 768w, https:\/\/www.un.org\/unispal\/es\/wp-content\/uploads\/sites\/25\/2022\/08\/unispal-search-spanish-800x131.jpg 800w, https:\/\/www.un.org\/unispal\/es\/wp-content\/uploads\/sites\/25\/2022\/08\/unispal-search-spanish.jpg 874w\" sizes=\"(max-width: 800px) 100vw, 800px\" \/><\/a><\/p>\n<\/div><div class=\"fusion-text fusion-text-2\"><p><a href=\"https:\/\/www.un.org\/unispal\/es\/estudios-preparados-para-el-comite-y-bajo-su-direccion\/\"><img decoding=\"async\" class=\"aligncenter wp-image-11538\" src=\"https:\/\/www.un.org\/unispal\/es\/wp-content\/uploads\/sites\/25\/2024\/01\/Estudios-2.jpg\" alt=\"\" width=\"800\" height=\"154\" srcset=\"https:\/\/www.un.org\/unispal\/es\/wp-content\/uploads\/sites\/25\/2024\/01\/Estudios-2-200x39.jpg 200w, https:\/\/www.un.org\/unispal\/es\/wp-content\/uploads\/sites\/25\/2024\/01\/Estudios-2-300x58.jpg 300w, https:\/\/www.un.org\/unispal\/es\/wp-content\/uploads\/sites\/25\/2024\/01\/Estudios-2-400x77.jpg 400w, https:\/\/www.un.org\/unispal\/es\/wp-content\/uploads\/sites\/25\/2024\/01\/Estudios-2-600x116.jpg 600w, https:\/\/www.un.org\/unispal\/es\/wp-content\/uploads\/sites\/25\/2024\/01\/Estudios-2-768x148.jpg 768w, https:\/\/www.un.org\/unispal\/es\/wp-content\/uploads\/sites\/25\/2024\/01\/Estudios-2-800x154.jpg 800w, https:\/\/www.un.org\/unispal\/es\/wp-content\/uploads\/sites\/25\/2024\/01\/Estudios-2-1024x197.jpg 1024w, https:\/\/www.un.org\/unispal\/es\/wp-content\/uploads\/sites\/25\/2024\/01\/Estudios-2.jpg 1074w\" sizes=\"(max-width: 800px) 100vw, 800px\" \/><\/a><\/p>\n<\/div><div class=\"fusion-clearfix\"><\/div><\/div><\/div><div class=\"fusion-layout-column fusion_builder_column fusion-builder-column-2 fusion_builder_column_1_3 1_3 fusion-one-third fusion-column-first\" style=\"--awb-bg-size:cover;width:30.6666%; margin-right: 4%;\"><div class=\"fusion-column-wrapper fusion-flex-column-wrapper-legacy\"><div class=\"fusion-text fusion-text-3\"><h2 class=\"title-box-homepage\">Historia<\/h2>\n<p><img decoding=\"async\" class=\"alignnone wp-image-11211 size-medium\" src=\"https:\/\/www.un.org\/unispal\/es\/wp-content\/uploads\/sites\/25\/2022\/08\/History-photo-300x200.jpg\" alt=\"\" width=\"300\" height=\"200\" srcset=\"https:\/\/www.un.org\/unispal\/es\/wp-content\/uploads\/sites\/25\/2022\/08\/History-photo-200x134.jpg 200w, https:\/\/www.un.org\/unispal\/es\/wp-content\/uploads\/sites\/25\/2022\/08\/History-photo-300x200.jpg 300w, https:\/\/www.un.org\/unispal\/es\/wp-content\/uploads\/sites\/25\/2022\/08\/History-photo.jpg 397w\" sizes=\"(max-width: 300px) 100vw, 300px\" \/><\/p>\n<div class=\"border-bottom-box\">\n<p>Historia de la Cuesti\u00f3n de Palestina<\/p>\n<p><a class=\"btn btn-default btn-box-homepage\" href=\"https:\/\/www.un.org\/unispal\/es\/history\/\">M\u00e1s informaci\u00f3n<\/a><\/p>\n<\/div>\n<\/div><div class=\"fusion-clearfix\"><\/div><\/div><\/div><div class=\"fusion-layout-column fusion_builder_column fusion-builder-column-3 fusion_builder_column_1_3 1_3 fusion-one-third\" style=\"--awb-bg-size:cover;width:30.6666%; margin-right: 4%;\"><div class=\"fusion-column-wrapper fusion-flex-column-wrapper-legacy\"><div class=\"fusion-text fusion-text-4\"><h2 class=\"title-box-homepage\">El Comit\u00e9<\/h2>\n<p><img decoding=\"async\" class=\"alignnone wp-image-11202 size-medium\" src=\"https:\/\/www.un.org\/unispal\/es\/wp-content\/uploads\/sites\/25\/2022\/08\/Committee-full-300x200.jpg\" alt=\"\" width=\"300\" height=\"200\" srcset=\"https:\/\/www.un.org\/unispal\/es\/wp-content\/uploads\/sites\/25\/2022\/08\/Committee-full-200x133.jpg 200w, https:\/\/www.un.org\/unispal\/es\/wp-content\/uploads\/sites\/25\/2022\/08\/Committee-full-300x200.jpg 300w, https:\/\/www.un.org\/unispal\/es\/wp-content\/uploads\/sites\/25\/2022\/08\/Committee-full-400x266.jpg 400w, https:\/\/www.un.org\/unispal\/es\/wp-content\/uploads\/sites\/25\/2022\/08\/Committee-full-600x399.jpg 600w, https:\/\/www.un.org\/unispal\/es\/wp-content\/uploads\/sites\/25\/2022\/08\/Committee-full-768x511.jpg 768w, https:\/\/www.un.org\/unispal\/es\/wp-content\/uploads\/sites\/25\/2022\/08\/Committee-full-800x533.jpg 800w, https:\/\/www.un.org\/unispal\/es\/wp-content\/uploads\/sites\/25\/2022\/08\/Committee-full-1024x682.jpg 1024w, https:\/\/www.un.org\/unispal\/es\/wp-content\/uploads\/sites\/25\/2022\/08\/Committee-full.jpg 1026w\" sizes=\"(max-width: 300px) 100vw, 300px\" \/><\/p>\n<div class=\"border-bottom-box\">\n<p>El Comit\u00e9 de la ONU para el Ejercicio de los Derechos Inalienables del Pueblo Palestino<\/p>\n<p><a class=\"btn btn-default btn-box-homepage\" href=\"https:\/\/www.un.org\/unispal\/es\/about-unispal\/committee\/\">M\u00e1s informaci\u00f3n<\/a><\/p>\n<\/div>\n<\/div><div class=\"fusion-clearfix\"><\/div><\/div><\/div><div class=\"fusion-layout-column fusion_builder_column fusion-builder-column-4 fusion_builder_column_1_3 1_3 fusion-one-third fusion-column-last\" style=\"--awb-bg-size:cover;width:30.6666%;\"><div class=\"fusion-column-wrapper fusion-flex-column-wrapper-legacy\"><div class=\"fusion-text fusion-text-5\"><h2 class=\"title-box-homepage\">Estudio Legal<\/h2>\n<div class=\"border-bottom-box\">\n<p><img decoding=\"async\" class=\"alignnone wp-image-289083\" src=\"https:\/\/www.un.org\/unispal\/wp-content\/uploads\/2023\/09\/New-release2-e1699036786882-300x213.png\" alt=\"\" width=\"300\" height=\"213\" \/><\/p>\n<\/div>\n<p>La legalidad de la ocupaci\u00f3n del Territorio Palestino Ocupado.<\/p>\n<div class=\"border-bottom-box\"><a class=\"btn btn-default btn-box-homepage\" href=\"https:\/\/www.un.org\/unispal\/wp-content\/uploads\/2024\/01\/Legal-Study_Spanish.pdf\">M\u00e1s informaci\u00f3n<\/a><\/div>\n<\/div><div class=\"fusion-clearfix\"><\/div><\/div><\/div><div class=\"fusion-layout-column fusion_builder_column fusion-builder-column-5 fusion_builder_column_1_3 1_3 fusion-one-third fusion-column-first\" style=\"--awb-bg-size:cover;width:30.6666%; margin-right: 4%;\"><div class=\"fusion-column-wrapper fusion-flex-column-wrapper-legacy\"><div class=\"fusion-text fusion-text-6\"><h2 class=\"title-box-homepage\">Sociedad civil<\/h2>\n<p><img decoding=\"async\" class=\"alignnone wp-image-11214 size-medium\" src=\"https:\/\/www.un.org\/unispal\/es\/wp-content\/uploads\/sites\/25\/2022\/08\/soccer-photo-300x200.jpg\" alt=\"\" width=\"300\" height=\"200\" srcset=\"https:\/\/www.un.org\/unispal\/es\/wp-content\/uploads\/sites\/25\/2022\/08\/soccer-photo-200x133.jpg 200w, https:\/\/www.un.org\/unispal\/es\/wp-content\/uploads\/sites\/25\/2022\/08\/soccer-photo-300x200.jpg 300w, https:\/\/www.un.org\/unispal\/es\/wp-content\/uploads\/sites\/25\/2022\/08\/soccer-photo-400x267.jpg 400w, https:\/\/www.un.org\/unispal\/es\/wp-content\/uploads\/sites\/25\/2022\/08\/soccer-photo-600x400.jpg 600w, https:\/\/www.un.org\/unispal\/es\/wp-content\/uploads\/sites\/25\/2022\/08\/soccer-photo-768x512.jpg 768w, https:\/\/www.un.org\/unispal\/es\/wp-content\/uploads\/sites\/25\/2022\/08\/soccer-photo-800x533.jpg 800w, https:\/\/www.un.org\/unispal\/es\/wp-content\/uploads\/sites\/25\/2022\/08\/soccer-photo-1024x682.jpg 1024w, https:\/\/www.un.org\/unispal\/es\/wp-content\/uploads\/sites\/25\/2022\/08\/soccer-photo.jpg 1040w\" sizes=\"(max-width: 300px) 100vw, 300px\" \/><\/p>\n<div class=\"border-bottom-box\">\n<p>Organizaciones de la sociedad civil acreditadas ante el Comit\u00e9 para el Ejercicio de los Derechos Inalienables del Pueblo Palestino<\/p>\n<p><a class=\"btn btn-default btn-box-homepage\" href=\"https:\/\/www.un.org\/unispal\/es\/data-collection\/civil-society\/\">M\u00e1s informaci\u00f3n<\/a><\/p>\n<\/div>\n<\/div><div class=\"fusion-clearfix\"><\/div><\/div><\/div><div class=\"fusion-layout-column fusion_builder_column fusion-builder-column-6 fusion_builder_column_1_3 1_3 fusion-one-third\" style=\"--awb-bg-size:cover;width:30.6666%; margin-right: 4%;\"><div class=\"fusion-column-wrapper fusion-flex-column-wrapper-legacy\"><div class=\"fusion-text fusion-text-7\"><h2 class=\"title-box-homepage\">Exhibiciones<\/h2>\n<p><img decoding=\"async\" class=\"alignnone wp-image-11229 size-medium\" src=\"https:\/\/www.un.org\/unispal\/es\/wp-content\/uploads\/sites\/25\/2022\/08\/Booklet-art-300x200.jpg\" alt=\"\" width=\"300\" height=\"200\" srcset=\"https:\/\/www.un.org\/unispal\/es\/wp-content\/uploads\/sites\/25\/2022\/08\/Booklet-art-200x133.jpg 200w, https:\/\/www.un.org\/unispal\/es\/wp-content\/uploads\/sites\/25\/2022\/08\/Booklet-art-300x200.jpg 300w, https:\/\/www.un.org\/unispal\/es\/wp-content\/uploads\/sites\/25\/2022\/08\/Booklet-art-400x266.jpg 400w, https:\/\/www.un.org\/unispal\/es\/wp-content\/uploads\/sites\/25\/2022\/08\/Booklet-art-600x400.jpg 600w, https:\/\/www.un.org\/unispal\/es\/wp-content\/uploads\/sites\/25\/2022\/08\/Booklet-art-768x511.jpg 768w, https:\/\/www.un.org\/unispal\/es\/wp-content\/uploads\/sites\/25\/2022\/08\/Booklet-art-800x533.jpg 800w, https:\/\/www.un.org\/unispal\/es\/wp-content\/uploads\/sites\/25\/2022\/08\/Booklet-art.jpg 805w\" sizes=\"(max-width: 300px) 100vw, 300px\" \/><\/p>\n<div class=\"border-bottom-box\">\n<p>Libros electr\u00f3nicos de exhibiciones en conmemoraci\u00f3n del D\u00eda Internacional de Solidaridad con el Pueblo Palestino de 2017-2020.<\/p>\n<p><a class=\"btn btn-default btn-box-homepage\" href=\"https:\/\/www.un.org\/unispal\/exhibits-on-the-occasion-of-international-day-of-solidarity\/\">M\u00e1s informaci\u00f3n<\/a><\/p>\n<\/div>\n<\/div><div class=\"fusion-clearfix\"><\/div><\/div><\/div><div class=\"fusion-layout-column fusion_builder_column fusion-builder-column-7 fusion_builder_column_1_3 1_3 fusion-one-third fusion-column-last\" style=\"--awb-bg-size:cover;width:30.6666%;\"><div class=\"fusion-column-wrapper fusion-flex-column-wrapper-legacy\"><div class=\"fusion-text fusion-text-8\"><h2 class=\"title-box-homepage\">Sistema de la ONU<\/h2>\n<p><img decoding=\"async\" class=\"alignnone size-full wp-image-7182\" src=\"https:\/\/www.un.org\/unispal\/wp-content\/uploads\/2016\/04\/un-flag-1.jpg\" alt=\"un-flag\" width=\"300\" height=\"200\" \/><\/p>\n<div class=\"border-bottom-box\">\n<p>Departamentos, fondos, programas y organismos de la ONU que trabajan en el Oriente Medio y en la Cuesti\u00f3n de Palestina.<\/p>\n<p><a class=\"btn btn-default btn-box-homepage\" href=\"\/unispal\/es\/un-system\/\">M\u00e1s informaci\u00f3n<\/a><\/p>\n<\/div>\n<\/div><div class=\"fusion-clearfix\"><\/div><\/div><\/div><\/div><\/div><\/p>\n","protected":false},"excerpt":{"rendered":"","protected":false},"author":3,"featured_media":0,"parent":0,"menu_order":0,"comment_status":"closed","ping_status":"closed","template":"","meta":{"footnotes":""},"class_list":["post-8408","page","type-page","status-publish","hentry"],"_links":{"self":[{"href":"https:\/\/www.un.org\/unispal\/es\/wp-json\/wp\/v2\/pages\/8408","targetHints":{"allow":["GET"]}}],"collection":[{"href":"https:\/\/www.un.org\/unispal\/es\/wp-json\/wp\/v2\/pages"}],"about":[{"href":"https:\/\/www.un.org\/unispal\/es\/wp-json\/wp\/v2\/types\/page"}],"author":[{"embeddable":true,"href":"https:\/\/www.un.org\/unispal\/es\/wp-json\/wp\/v2\/users\/3"}],"replies":[{"embeddable":true,"href":"https:\/\/www.un.org\/unispal\/es\/wp-json\/wp\/v2\/comments?post=8408"}],"version-history":[{"count":14,"href":"https:\/\/www.un.org\/unispal\/es\/wp-json\/wp\/v2\/pages\/8408\/revisions"}],"predecessor-version":[{"id":11539,"href":"https:\/\/www.un.org\/unispal\/es\/wp-json\/wp\/v2\/pages\/8408\/revisions\/11539"}],"wp:attachment":[{"href":"https:\/\/www.un.org\/unispal\/es\/wp-json\/wp\/v2\/media?parent=8408"}],"curies":[{"name":"wp","href":"https:\/\/api.w.org\/{rel}","templated":true}]}}